{"id":1144,"date":"2021-05-11T15:01:45","date_gmt":"2021-05-11T15:01:45","guid":{"rendered":"https:\/\/ladeliaverde.com\/decision-making\/"},"modified":"2022-08-23T07:11:29","modified_gmt":"2022-08-23T07:11:29","slug":"toma-de-decisiones","status":"publish","type":"page","link":"https:\/\/ladeliaverde.com\/es\/toma-de-decisiones\/","title":{"rendered":"Toma de decisiones"},"content":{"rendered":"<p>[vc_row css=\u00bb.vc_custom_1621935260130{padding-left: 0px !important;}\u00bb][vc_column css=\u00bb.vc_custom_1621953196994{padding-left: 0px !important;}\u00bb][vc_column_text css=\u00bb.vc_custom_1623602206493{padding-left: 0px !important;}\u00bb]<\/p>\n<h4>Toma de decisiones<\/h4>\n<p>[\/vc_column_text][vc_column_text css=\u00bb.vc_custom_1623602244421{padding-left: 0px !important;}\u00bb]<\/p>\n<h1>Dando <span class=\"otratipo\">pasos vitales<\/span><\/h1>\n<p>[\/vc_column_text][\/vc_column][\/vc_row][vc_row content_placement=\u00bbtop\u00bb css=\u00bb.vc_custom_1621350426811{background-position: center !important;background-repeat: no-repeat !important;background-size: cover !important;}\u00bb el_class=\u00bbespaciogrande\u00bb][vc_column width=\u00bb1\/2&#8243; css=\u00bb.vc_custom_1620656003093{padding-left: 0px !important;}\u00bb][vc_column_text el_class=\u00bbotroancho\u00bb]<\/p>\n<h3>En La Delia Verde, estamos desarrollando una administraci\u00f3n hol\u00edstica del campo mediante el trabajo interdependiente de distintas \u00e1reas:<\/h3>\n<p>[\/vc_column_text][vc_row_inner css=\u00bb.vc_custom_1620745747659{margin-bottom: 45px !important;background-color: #0f4b39 !important;}\u00bb el_class=\u00bbcuadroverdedos\u00bb][vc_column_inner][vc_column_text el_class=\u00bbamarillo mastop\u00bb css=\u00bb.vc_custom_1623602279805{margin-bottom: 15px !important;}\u00bb]Regeneraci\u00f3n del suelo[\/vc_column_text][vc_column_text el_class=\u00bbamarillo mastop\u00bb css=\u00bb.vc_custom_1623602292829{margin-bottom: 15px !important;border-top-width: 1px !important;padding-top: 15px !important;border-top-color: #fdd86e !important;border-top-style: solid !important;}\u00bb]Planificaci\u00f3n y redise\u00f1o del suelo[\/vc_column_text][vc_column_text el_class=\u00bbamarillo mastop\u00bb css=\u00bb.vc_custom_1623602305930{margin-bottom: 15px !important;border-top-width: 1px !important;padding-top: 15px !important;border-top-color: #fdd86e !important;border-top-style: solid !important;}\u00bb]Monitoreo biol\u00f3gico[\/vc_column_text][vc_column_text el_class=\u00bbamarillo mastop\u00bb css=\u00bb.vc_custom_1623602364099{margin-bottom: 15px !important;border-top-width: 1px !important;padding-top: 15px !important;border-top-color: #fdd86e !important;border-top-style: solid !important;}\u00bb]Desarrollo de infraestructura[\/vc_column_text][vc_column_text el_class=\u00bbamarillo mastop\u00bb css=\u00bb.vc_custom_1623602352894{margin-bottom: 15px !important;border-top-width: 1px !important;padding-top: 15px !important;border-top-color: #fdd86e !important;border-top-style: solid !important;}\u00bb]Diversificaci\u00f3n de las fuentes de ingresos del campo[\/vc_column_text][vc_column_text el_class=\u00bbamarillo mastop\u00bb css=\u00bb.vc_custom_1623602342360{border-top-width: 1px !important;padding-top: 15px !important;border-top-color: #fdd86e !important;border-top-style: solid !important;}\u00bb]Planificaci\u00f3n financiera[\/vc_column_text][\/vc_column_inner][\/vc_row_inner][vc_row_inner el_class=\u00bbpararaya\u00bb][vc_column_inner css=\u00bb.vc_custom_1620745787771{padding-top: 10px !important;}\u00bb][vc_column_text el_class=\u00bbparaparrafo\u00bb]La interacci\u00f3n de estos factores se traduce en una mayor productividad y diversidad biol\u00f3gica, as\u00ed como en el bienestar econ\u00f3mico y social. El avance del proyecto se basa en mantener el equilibrio entre los factores ecol\u00f3gicos, sociales y econ\u00f3micos. Durante el proceso habr\u00e1n necesidades a corto plazo que nos llevar\u00e1n a priorizar aspectos de alguno de los factores por sobre los otros, sin embargo la estrategia a largo plazo buscar\u00e1 siempre mantener el balance de todos ellos.[\/vc_column_text][\/vc_column_inner][\/vc_row_inner][vc_single_image image=\u00bb1567&#8243; img_size=\u00bbfull\u00bb alignment=\u00bbcenter\u00bb el_class=\u00bbimaganchodere mob\u00bb css=\u00bb.vc_custom_1623867021229{margin-top: 45px !important;}\u00bb][vc_single_image image=\u00bb714&#8243; img_size=\u00bbfull\u00bb alignment=\u00bbcenter\u00bb el_class=\u00bbimaganchodere mob\u00bb css=\u00bb.vc_custom_1623866996058{margin-top: 45px !important;}\u00bb][vc_column_text css=\u00bb.vc_custom_1623602433605{margin-top: 35px !important;margin-bottom: 35px !important;}\u00bb el_class=\u00bbotroancho\u00bb]<\/p>\n<h3>Cambio organizacional junto<br \/>\na <span class=\"otratipo\">Gesti\u00f3n Hol\u00edstica<\/span><\/h3>\n<p>[\/vc_column_text][vc_row_inner el_class=\u00bbpararaya\u00bb][vc_column_inner][vc_column_text el_class=\u00bbparaparrafo\u00bb]\u00bb<a href=\"https:\/\/savory.global\/holistic-management\/\">Gesti\u00f3n Hol\u00edstica<\/a>\u00bb es un m\u00e9todo de gesti\u00f3n de la tierra que adapta sus principios naturales a trav\u00e9s de la introducci\u00f3n de ganado. Este m\u00e9todo ha ido evolucionando hacia un sistema completo de planificaci\u00f3n agr\u00edcola y ha derivado en el t\u00e9rmino \u00abtoma de decisiones hol\u00edstica\u00bb, que es una herramienta de toma de decisiones utilizada para aumentar la calidad agr\u00edcola partiendo desde una concepci\u00f3n de la agricultura como una entidad integral, y no como algo compartimentado.<\/p>\n<p>Durante el proceso de cambio de la agricultura convencional a la regenerativa, comenzamos a buscar nuevos m\u00e9todo de gesti\u00f3n y desarrollo que se ajustaran a nuestras condiciones, nuestras ideas y nuestros objetivos sobre la <a href=\"https:\/\/ladeliaverde.com\/es\/enfoque-regenerativo\/\">Agricultura Regenerativa<\/a>. Cuando nuestros consultores anteriores de estrategia agr\u00edcola nos presentaron este m\u00e9todo supimos que deb\u00edamos implementar los principios de Gesti\u00f3n Hol\u00edstica en nuestras pr\u00e1cticas de cultivo y su planificaci\u00f3n.<\/p>\n<p>Poco despu\u00e9s, nos dimos cuenta de que este enfoque integrado tiene el potencial de ir m\u00e1s all\u00e1 de la agricultura. Dado que estamos comprometidos con la regeneraci\u00f3n ecol\u00f3gica, social y econ\u00f3mica, el paso l\u00f3gico para nosotros fue aplicar esta t\u00e9cnica a todas las \u00e1reas y relaciones vinculadas al proyecto.<\/p>\n<p>Al ser uno de los primeros proyectos agr\u00edcolas en Argentina que sigui\u00f3 este <a href=\"https:\/\/ladeliaverde.com\/es\/enfoque-regenerativo\/\">enfoque regenerativo<\/a>, llamamos la atenci\u00f3n de personas de diversos or\u00edgenes pero con una misma intenci\u00f3n. La Delia Verde les ofreci\u00f3 la oportunidad de participar en el desarrollo de un nuevo est\u00e1ndar agr\u00edcola. Modificamos las estructuras internas para impulsar las distintas habilidades y conocimientos de cada miembro del equipo y esto gener\u00f3 un proceso constante de evoluci\u00f3n.[\/vc_column_text][\/vc_column_inner][\/vc_row_inner][\/vc_column][vc_column width=\u00bb1\/2&#8243; css=\u00bb.vc_custom_1620727859147{background-position: center !important;background-repeat: no-repeat !important;background-size: cover !important;}\u00bb][vc_single_image image=\u00bb1567&#8243; img_size=\u00bbfull\u00bb alignment=\u00bbcenter\u00bb el_class=\u00bbimaganchodere pc\u00bb][vc_single_image image=\u00bb693&#8243; img_size=\u00bbfull\u00bb alignment=\u00bbcenter\u00bb el_class=\u00bbimaganchodere pc\u00bb][\/vc_column][\/vc_row][vc_row full_width=\u00bbstretch_row\u00bb css=\u00bb.vc_custom_1621952925848{margin-bottom: 60px !important;background-image: url(https:\/\/ladeliaverde.com\/wp-content\/uploads\/2021\/05\/DSC05451-1-scaled.jpeg?id=157) !important;background-position: center !important;background-repeat: no-repeat !important;background-size: cover !important;}\u00bb el_class=\u00bbimagenparauno\u00bb][vc_column][\/vc_column][\/vc_row][vc_row content_placement=\u00bbtop\u00bb css=\u00bb.vc_custom_1621350539655{background-position: center !important;background-repeat: no-repeat !important;background-size: cover !important;}\u00bb el_class=\u00bbparareverse espaciogrande\u00bb][vc_column width=\u00bb1\/2&#8243; css=\u00bb.vc_custom_1622209467818{padding-left: 0px !important;}\u00bb][vc_single_image image=\u00bb960&#8243; img_size=\u00bbfull\u00bb alignment=\u00bbcenter\u00bb el_class=\u00bbimaganchoizq\u00bb][\/vc_column][vc_column width=\u00bb1\/2&#8243; css=\u00bb.vc_custom_1620727500471{background-position: center !important;background-repeat: no-repeat !important;background-size: cover !important;}\u00bb][vc_column_text css=\u00bb.vc_custom_1623602636175{margin-bottom: 25px !important;}\u00bb el_class=\u00bbotroancho\u00bb]<\/p>\n<h3>Adaptaci\u00f3n de nuestro concepto para la <span class=\"otratipo\">toma de decisiones<\/span><\/h3>\n<p>[\/vc_column_text][vc_row_inner el_class=\u00bbpararaya\u00bb][vc_column_inner][vc_column_text el_class=\u00bbparaparrafo\u00bb]Reconocemos la ubicuidad de la regeneraci\u00f3n ecol\u00f3gica, social y econ\u00f3mica en nuestro sistema, porque podemos verla en todos los aspectos de nuestras acciones.<\/p>\n<p>Sin conciencia ecol\u00f3gica, no habr\u00e1 suelos f\u00e9rtiles para cultivar.<br \/>\nSin compromiso social no habr\u00e1 gente que sostenga nuestro proyecto.<br \/>\nY sin responsabilidad econ\u00f3mica no podremos pagar salarios justos ni sostener nuestra operaci\u00f3n.<\/p>\n<p>Estas conexiones interdependientes y complejas suceden tanto dentro del proyecto como con todo lo relacionado con \u00e9l, y son solo componentes de una red evolutiva mucho m\u00e1s amplia que continuamente tratamos de analizar, comprender y apoyar.[\/vc_column_text][\/vc_column_inner][\/vc_row_inner][vc_column_text css=\u00bb.vc_custom_1623942701453{margin-top: 35px !important;margin-bottom: 35px !important;}\u00bb el_class=\u00bbotroancho\u00bb]<\/p>\n<h3>La importancia de la <span class=\"otratipo\">confianza<\/span><\/h3>\n<p>[\/vc_column_text][vc_row_inner el_class=\u00bbpararaya\u00bb][vc_column_inner][vc_column_text el_class=\u00bbparaparrafo\u00bb]La confianza es una parte integral del trabajo regenerativo. Para asegurar el \u00e9xito en todas las \u00e1reas, todos los miembros involucrados deben poder confiar y depender unos de otros. La experiencia y los conocimientos individuales, as\u00ed como la capacidad de comunicarse en equipo, incluyendo el compromiso de todos con nuestra <span class=\"\"><a href=\"https:\/\/ladeliaverde.com\/es\/conception-commitment\/\">concepci\u00f3n y compromiso<\/a><\/span>, son condiciones previas vitales para tomar buenas decisiones.<\/p>\n<p>La participaci\u00f3n de los miembros var\u00eda seg\u00fan cada caso, situaci\u00f3n o proyecto, m\u00e1s all\u00e1 de esto, la importancia recae en que cada uno sepa lo que debe hacer. La toma de decisiones incluye tres pasos: recopilar informaci\u00f3n relevante, comunicar los temas centrales dentro del equipo y, por \u00faltimo, tomar la decisi\u00f3n. Si bien algunas cuestiones pueden ser resueltas por una sola persona, otras deben discutirse con todo el equipo. Este marco para la toma de decisiones tambi\u00e9n nos ayuda a determinar qui\u00e9n es responsable de cada uno de los pasos del proceso, y a asignar cada tarea a un determinado grupo o persona.<\/p>\n<p>El poder real de esta organizaci\u00f3n y estilo de gesti\u00f3n proviene de definir un objetivo claro a largo plazo y luego evaluar que cada acci\u00f3n o idea est\u00e9 alineada a ese objetivo. En nuestro caso, el objetivo es lograr el crecimiento y el equilibrio ecol\u00f3gico, social y econ\u00f3mico.[\/vc_column_text][\/vc_column_inner][\/vc_row_inner][\/vc_column][\/vc_row]<\/p>\n","protected":false},"excerpt":{"rendered":"<p>[vc_row css=\u00bb.vc_custom_1621935260130{padding-left: 0px !important;}\u00bb][vc_column css=\u00bb.vc_custom_1621953196994{padding-left: 0px !important;}\u00bb][vc_column_text css=\u00bb.vc_custom_1623602206493{padding-left: 0px !important;}\u00bb] Toma de decisiones [\/vc_column_text][vc_column_text css=\u00bb.vc_custom_1623602244421{padding-left: 0px !important;}\u00bb] Dando pasos vitales [\/vc_column_text][\/vc_column][\/vc_row][vc_row&hellip;<\/p>\n","protected":false},"author":1,"featured_media":0,"parent":0,"menu_order":0,"comment_status":"closed","ping_status":"closed","template":"","meta":{"inline_featured_image":false},"class_list":["post-1144","page","type-page","status-publish","hentry","description-off"],"yoast_head":"<!-- This site is optimized with the Yoast SEO plugin v25.4 - https:\/\/yoast.com\/wordpress\/plugins\/seo\/ -->\n<title>Toma de decisiones &#8211; La Delia Verde<\/title>\n<meta name=\"robots\" content=\"index, follow, max-snippet:-1, max-image-preview:large, max-video-preview:-1\" \/>\n<link rel=\"canonical\" href=\"https:\/\/ladeliaverde.com\/decision-making\/\" \/>\n<meta property=\"og:locale\" content=\"es_ES\" \/>\n<meta property=\"og:type\" content=\"article\" \/>\n<meta property=\"og:title\" content=\"Toma de decisiones &#8211; La Delia Verde\" \/>\n<meta property=\"og:description\" content=\"[vc_row css=\u00bb.vc_custom_1621935260130{padding-left: 0px !important;}\u00bb][vc_column css=\u00bb.vc_custom_1621953196994{padding-left: 0px !important;}\u00bb][vc_column_text css=\u00bb.vc_custom_1623602206493{padding-left: 0px !important;}\u00bb] Toma de decisiones [\/vc_column_text][vc_column_text css=\u00bb.vc_custom_1623602244421{padding-left: 0px !important;}\u00bb] Dando pasos vitales [\/vc_column_text][\/vc_column][\/vc_row][vc_row&hellip;\" \/>\n<meta property=\"og:url\" content=\"https:\/\/ladeliaverde.com\/decision-making\/\" \/>\n<meta property=\"og:site_name\" content=\"La Delia Verde\" \/>\n<meta property=\"article:publisher\" content=\"https:\/\/www.facebook.com\/ladeliaverde\" \/>\n<meta property=\"article:modified_time\" content=\"2022-08-23T07:11:29+00:00\" \/>\n<meta property=\"og:image\" content=\"https:\/\/ladeliaverde.com\/wp-content\/uploads\/2021\/06\/DSC05464-scaled.jpeg\" \/>\n\t<meta property=\"og:image:width\" content=\"2560\" \/>\n\t<meta property=\"og:image:height\" content=\"1920\" \/>\n\t<meta property=\"og:image:type\" content=\"image\/jpeg\" \/>\n<meta name=\"twitter:card\" content=\"summary_large_image\" \/>\n<meta name=\"twitter:site\" content=\"@ladeliaverde\" \/>\n<meta name=\"twitter:label1\" content=\"Tiempo de lectura\" \/>\n\t<meta name=\"twitter:data1\" content=\"4 minutos\" \/>\n<script type=\"application\/ld+json\" class=\"yoast-schema-graph\">{\"@context\":\"https:\/\/schema.org\",\"@graph\":[{\"@type\":\"WebPage\",\"@id\":\"https:\/\/ladeliaverde.com\/decision-making\/\",\"url\":\"https:\/\/ladeliaverde.com\/decision-making\/\",\"name\":\"Toma de decisiones &#8211; La Delia Verde\",\"isPartOf\":{\"@id\":\"https:\/\/ladeliaverde.com\/#website\"},\"datePublished\":\"2021-05-11T15:01:45+00:00\",\"dateModified\":\"2022-08-23T07:11:29+00:00\",\"breadcrumb\":{\"@id\":\"https:\/\/ladeliaverde.com\/decision-making\/#breadcrumb\"},\"inLanguage\":\"es\",\"potentialAction\":[{\"@type\":\"ReadAction\",\"target\":[\"https:\/\/ladeliaverde.com\/decision-making\/\"]}]},{\"@type\":\"BreadcrumbList\",\"@id\":\"https:\/\/ladeliaverde.com\/decision-making\/#breadcrumb\",\"itemListElement\":[{\"@type\":\"ListItem\",\"position\":1,\"name\":\"Home\",\"item\":\"https:\/\/ladeliaverde.com\/es\/\"},{\"@type\":\"ListItem\",\"position\":2,\"name\":\"Toma de decisiones\"}]},{\"@type\":\"WebSite\",\"@id\":\"https:\/\/ladeliaverde.com\/#website\",\"url\":\"https:\/\/ladeliaverde.com\/\",\"name\":\"La Delia Verde\",\"description\":\"Regenerative Agriculture and the Soil Carbon Solution\",\"publisher\":{\"@id\":\"https:\/\/ladeliaverde.com\/#organization\"},\"potentialAction\":[{\"@type\":\"SearchAction\",\"target\":{\"@type\":\"EntryPoint\",\"urlTemplate\":\"https:\/\/ladeliaverde.com\/?s={search_term_string}\"},\"query-input\":{\"@type\":\"PropertyValueSpecification\",\"valueRequired\":true,\"valueName\":\"search_term_string\"}}],\"inLanguage\":\"es\"},{\"@type\":\"Organization\",\"@id\":\"https:\/\/ladeliaverde.com\/#organization\",\"name\":\"La Delia Verde\",\"url\":\"https:\/\/ladeliaverde.com\/\",\"logo\":{\"@type\":\"ImageObject\",\"inLanguage\":\"es\",\"@id\":\"https:\/\/ladeliaverde.com\/#\/schema\/logo\/image\/\",\"url\":\"https:\/\/ladeliaverde.com\/wp-content\/uploads\/2021\/06\/Illustation-ESP-07-2.svg\",\"contentUrl\":\"https:\/\/ladeliaverde.com\/wp-content\/uploads\/2021\/06\/Illustation-ESP-07-2.svg\",\"width\":1024,\"height\":1024,\"caption\":\"La Delia Verde\"},\"image\":{\"@id\":\"https:\/\/ladeliaverde.com\/#\/schema\/logo\/image\/\"},\"sameAs\":[\"https:\/\/www.facebook.com\/ladeliaverde\",\"https:\/\/x.com\/ladeliaverde\",\"https:\/\/www.instagram.com\/ladeliaverde\/\",\"https:\/\/www.linkedin.com\/company\/campo-la-delia-verde\/\"]}]}<\/script>\n<!-- \/ Yoast SEO plugin. -->","yoast_head_json":{"title":"Toma de decisiones &#8211; La Delia Verde","robots":{"index":"index","follow":"follow","max-snippet":"max-snippet:-1","max-image-preview":"max-image-preview:large","max-video-preview":"max-video-preview:-1"},"canonical":"https:\/\/ladeliaverde.com\/decision-making\/","og_locale":"es_ES","og_type":"article","og_title":"Toma de decisiones &#8211; La Delia Verde","og_description":"[vc_row css=\u00bb.vc_custom_1621935260130{padding-left: 0px !important;}\u00bb][vc_column css=\u00bb.vc_custom_1621953196994{padding-left: 0px !important;}\u00bb][vc_column_text css=\u00bb.vc_custom_1623602206493{padding-left: 0px !important;}\u00bb] Toma de decisiones [\/vc_column_text][vc_column_text css=\u00bb.vc_custom_1623602244421{padding-left: 0px !important;}\u00bb] Dando pasos vitales [\/vc_column_text][\/vc_column][\/vc_row][vc_row&hellip;","og_url":"https:\/\/ladeliaverde.com\/decision-making\/","og_site_name":"La Delia Verde","article_publisher":"https:\/\/www.facebook.com\/ladeliaverde","article_modified_time":"2022-08-23T07:11:29+00:00","og_image":[{"width":2560,"height":1920,"url":"https:\/\/ladeliaverde.com\/wp-content\/uploads\/2021\/06\/DSC05464-scaled.jpeg","type":"image\/jpeg"}],"twitter_card":"summary_large_image","twitter_site":"@ladeliaverde","twitter_misc":{"Tiempo de lectura":"4 minutos"},"schema":{"@context":"https:\/\/schema.org","@graph":[{"@type":"WebPage","@id":"https:\/\/ladeliaverde.com\/decision-making\/","url":"https:\/\/ladeliaverde.com\/decision-making\/","name":"Toma de decisiones &#8211; La Delia Verde","isPartOf":{"@id":"https:\/\/ladeliaverde.com\/#website"},"datePublished":"2021-05-11T15:01:45+00:00","dateModified":"2022-08-23T07:11:29+00:00","breadcrumb":{"@id":"https:\/\/ladeliaverde.com\/decision-making\/#breadcrumb"},"inLanguage":"es","potentialAction":[{"@type":"ReadAction","target":["https:\/\/ladeliaverde.com\/decision-making\/"]}]},{"@type":"BreadcrumbList","@id":"https:\/\/ladeliaverde.com\/decision-making\/#breadcrumb","itemListElement":[{"@type":"ListItem","position":1,"name":"Home","item":"https:\/\/ladeliaverde.com\/es\/"},{"@type":"ListItem","position":2,"name":"Toma de decisiones"}]},{"@type":"WebSite","@id":"https:\/\/ladeliaverde.com\/#website","url":"https:\/\/ladeliaverde.com\/","name":"La Delia Verde","description":"Regenerative Agriculture and the Soil Carbon Solution","publisher":{"@id":"https:\/\/ladeliaverde.com\/#organization"},"potentialAction":[{"@type":"SearchAction","target":{"@type":"EntryPoint","urlTemplate":"https:\/\/ladeliaverde.com\/?s={search_term_string}"},"query-input":{"@type":"PropertyValueSpecification","valueRequired":true,"valueName":"search_term_string"}}],"inLanguage":"es"},{"@type":"Organization","@id":"https:\/\/ladeliaverde.com\/#organization","name":"La Delia Verde","url":"https:\/\/ladeliaverde.com\/","logo":{"@type":"ImageObject","inLanguage":"es","@id":"https:\/\/ladeliaverde.com\/#\/schema\/logo\/image\/","url":"https:\/\/ladeliaverde.com\/wp-content\/uploads\/2021\/06\/Illustation-ESP-07-2.svg","contentUrl":"https:\/\/ladeliaverde.com\/wp-content\/uploads\/2021\/06\/Illustation-ESP-07-2.svg","width":1024,"height":1024,"caption":"La Delia Verde"},"image":{"@id":"https:\/\/ladeliaverde.com\/#\/schema\/logo\/image\/"},"sameAs":["https:\/\/www.facebook.com\/ladeliaverde","https:\/\/x.com\/ladeliaverde","https:\/\/www.instagram.com\/ladeliaverde\/","https:\/\/www.linkedin.com\/company\/campo-la-delia-verde\/"]}]}},"_links":{"self":[{"href":"https:\/\/ladeliaverde.com\/es\/wp-json\/wp\/v2\/pages\/1144","targetHints":{"allow":["GET"]}}],"collection":[{"href":"https:\/\/ladeliaverde.com\/es\/wp-json\/wp\/v2\/pages"}],"about":[{"href":"https:\/\/ladeliaverde.com\/es\/wp-json\/wp\/v2\/types\/page"}],"author":[{"embeddable":true,"href":"https:\/\/ladeliaverde.com\/es\/wp-json\/wp\/v2\/users\/1"}],"replies":[{"embeddable":true,"href":"https:\/\/ladeliaverde.com\/es\/wp-json\/wp\/v2\/comments?post=1144"}],"version-history":[{"count":13,"href":"https:\/\/ladeliaverde.com\/es\/wp-json\/wp\/v2\/pages\/1144\/revisions"}],"predecessor-version":[{"id":1905,"href":"https:\/\/ladeliaverde.com\/es\/wp-json\/wp\/v2\/pages\/1144\/revisions\/1905"}],"wp:attachment":[{"href":"https:\/\/ladeliaverde.com\/es\/wp-json\/wp\/v2\/media?parent=1144"}],"curies":[{"name":"wp","href":"https:\/\/api.w.org\/{rel}","templated":true}]}}