{"id":1141,"date":"2021-05-11T14:44:25","date_gmt":"2021-05-11T14:44:25","guid":{"rendered":"https:\/\/ladeliaverde.com\/conception-commitment\/"},"modified":"2022-08-23T07:10:13","modified_gmt":"2022-08-23T07:10:13","slug":"concepcion-y-compromiso","status":"publish","type":"page","link":"https:\/\/ladeliaverde.com\/es\/concepcion-y-compromiso\/","title":{"rendered":"Concepci\u00f3n y compromiso"},"content":{"rendered":"<p>[vc_row][vc_column css=\u00bb.vc_custom_1621935239729{padding-left: 0px !important;}\u00bb][vc_column_text css=\u00bb.vc_custom_1623601952899{margin-bottom: 25px !important;}\u00bb]<\/p>\n<h4>Concepci\u00f3n y compromiso<\/h4>\n<p>[\/vc_column_text][vc_column_text]<\/p>\n<h1>La importancia de<br \/>\nla <span class=\"otratipo\">complejidad<\/span><\/h1>\n<p>[\/vc_column_text][\/vc_column][\/vc_row][vc_row content_placement=\u00bbtop\u00bb css=\u00bb.vc_custom_1621350317095{background-position: center !important;background-repeat: no-repeat !important;background-size: cover !important;}\u00bb el_class=\u00bbespaciogrande\u00bb][vc_column width=\u00bb1\/2&#8243; css=\u00bb.vc_custom_1620656003093{padding-left: 0px !important;}\u00bb][vc_column_text css=\u00bb.vc_custom_1623602006373{margin-bottom: 25px !important;}\u00bb]<\/p>\n<h4>Concepci\u00f3n<\/h4>\n<p>[\/vc_column_text][vc_row_inner el_class=\u00bbpararaya\u00bb][vc_column_inner][vc_column_text el_class=\u00bbparaparrafo\u00bb css=\u00bb.vc_custom_1661238608710{margin-bottom: 0px !important;}\u00bb]La Delia Verde es un campo que se maneja en base a principios y pr\u00e1cticas regenerativas e integradas. Est\u00e1 organizado y desarrollado por un equipo y una red diversos.<\/p>\n<p>Hemos implementado una gesti\u00f3n <a href=\"https:\/\/ladeliaverde.com\/es\/enfoque-regenerativo\/\">regenerativa<\/a> porque creemos y hemos experimentado que este concepto da forma a una agricultura responsable para las generaciones futuras.<\/p>\n<p>Sobre todo, nos mueve el amor y el respeto por la naturaleza, la convicci\u00f3n en la necesidad de una (bio-)diversidad y complejidad, y la alegr\u00eda del progreso.[\/vc_column_text][\/vc_column_inner][\/vc_row_inner][vc_column_text css=\u00bb.vc_custom_1623602074631{margin-top: 35px !important;margin-bottom: 35px !important;}\u00bb]<\/p>\n<h3>Usa tu cabeza y escucha<br \/>\n<span class=\"otratipo\">tu instinto<\/span><\/h3>\n<p>[\/vc_column_text][vc_column_text css=\u00bb.vc_custom_1623602094223{margin-bottom: 25px !important;}\u00bb]<\/p>\n<h4>Compromiso<\/h4>\n<p>[\/vc_column_text][vc_row_inner el_class=\u00bbpararaya\u00bb][vc_column_inner][vc_column_text el_class=\u00bbparaparrafo\u00bb]Pensamiento visionario, multidisciplinariedad, experiencia, agilidad, comunicaci\u00f3n sincera, apertura, tolerancia, confianza, orientaci\u00f3n a resultados y transparencia unen nuestra forma de trabajar. Estos valores crecieron org\u00e1nicamente y se han manifestado como la base de nuestra estructura de trabajo. Queremos seguir trabajando con personas que apoyan este marco.<\/p>\n<p>El cultivo de la tierra siempre tiene un impacto en el medio ambiente. Queremos enfocar nuestra responsabilidad ambiental y nuestro potencial en obtener un resultado que beneficie a todos y a todo lo relacionado con nuestra agricultura. Para nosotros es fundamental acompa\u00f1ar este nuevo est\u00e1ndar de agricultura en la industria, donde el crecimiento econ\u00f3mico incluye siempre a la sostenibilidad.<\/p>\n<p>Somos conscientes de que en el pasado las condiciones pr\u00edstinas y la ubicaci\u00f3n de este proyecto se han aprovechado para obtener ganancias econ\u00f3micas, pero hist\u00f3ricamente esto se ha producido a costa de la salud del suelo, los ecosistemas y la sociedad. Por lo tanto, este enfoque netamente comercial es una amenaza para la futura fertilidad de la tierra y del tejido social y econ\u00f3mico. Buscamos soluciones a mediano y largo plazo para esto, comenzando por un redise\u00f1o global de nuestro campo.<\/p>\n<p>Comprometemos todas nuestras aspiraciones al equilibrio y la regeneraci\u00f3n ecol\u00f3gica, social y econ\u00f3mica. El bienestar del proyecto se manifiesta en su equilibrio y crecimiento.[\/vc_column_text][\/vc_column_inner][\/vc_row_inner][\/vc_column][vc_column width=\u00bb1\/2&#8243; css=\u00bb.vc_custom_1620727859147{background-position: center !important;background-repeat: no-repeat !important;background-size: cover !important;}\u00bb][vc_single_image image=\u00bb672&#8243; img_size=\u00bbfull\u00bb alignment=\u00bbcenter\u00bb el_class=\u00bbimaganchodere\u00bb][vc_single_image image=\u00bb668&#8243; img_size=\u00bbfull\u00bb alignment=\u00bbcenter\u00bb el_class=\u00bbimaganchodere\u00bb][vc_single_image image=\u00bb1137&#8243; img_size=\u00bbfull\u00bb alignment=\u00bbcenter\u00bb el_class=\u00bbimaganchoderesvg\u00bb][\/vc_column][\/vc_row]<\/p>\n","protected":false},"excerpt":{"rendered":"<p>[vc_row][vc_column css=\u00bb.vc_custom_1621935239729{padding-left: 0px !important;}\u00bb][vc_column_text css=\u00bb.vc_custom_1623601952899{margin-bottom: 25px !important;}\u00bb] Concepci\u00f3n y compromiso [\/vc_column_text][vc_column_text] La importancia de la complejidad [\/vc_column_text][\/vc_column][\/vc_row][vc_row content_placement=\u00bbtop\u00bb css=\u00bb.vc_custom_1621350317095{background-position: center !important;background-repeat:&hellip;<\/p>\n","protected":false},"author":1,"featured_media":0,"parent":0,"menu_order":0,"comment_status":"closed","ping_status":"closed","template":"","meta":{"inline_featured_image":false},"class_list":["post-1141","page","type-page","status-publish","hentry","description-off"],"yoast_head":"<!-- This site is optimized with the Yoast SEO plugin v25.4 - https:\/\/yoast.com\/wordpress\/plugins\/seo\/ -->\n<title>Concepci\u00f3n y compromiso &#8211; La Delia Verde<\/title>\n<meta name=\"robots\" content=\"index, follow, max-snippet:-1, max-image-preview:large, max-video-preview:-1\" \/>\n<link rel=\"canonical\" href=\"https:\/\/ladeliaverde.com\/conception-commitment\/\" \/>\n<meta property=\"og:locale\" content=\"es_ES\" \/>\n<meta property=\"og:type\" content=\"article\" \/>\n<meta property=\"og:title\" content=\"Concepci\u00f3n y compromiso &#8211; La Delia Verde\" \/>\n<meta property=\"og:description\" content=\"[vc_row][vc_column css=\u00bb.vc_custom_1621935239729{padding-left: 0px !important;}\u00bb][vc_column_text css=\u00bb.vc_custom_1623601952899{margin-bottom: 25px !important;}\u00bb] Concepci\u00f3n y compromiso [\/vc_column_text][vc_column_text] La importancia de la complejidad [\/vc_column_text][\/vc_column][\/vc_row][vc_row content_placement=\u00bbtop\u00bb css=\u00bb.vc_custom_1621350317095{background-position: center !important;background-repeat:&hellip;\" \/>\n<meta property=\"og:url\" content=\"https:\/\/ladeliaverde.com\/conception-commitment\/\" \/>\n<meta property=\"og:site_name\" content=\"La Delia Verde\" \/>\n<meta property=\"article:publisher\" content=\"https:\/\/www.facebook.com\/ladeliaverde\" \/>\n<meta property=\"article:modified_time\" content=\"2022-08-23T07:10:13+00:00\" \/>\n<meta property=\"og:image\" content=\"https:\/\/ladeliaverde.com\/wp-content\/uploads\/2021\/06\/DSC05464-scaled.jpeg\" \/>\n\t<meta property=\"og:image:width\" content=\"2560\" \/>\n\t<meta property=\"og:image:height\" content=\"1920\" \/>\n\t<meta property=\"og:image:type\" content=\"image\/jpeg\" \/>\n<meta name=\"twitter:card\" content=\"summary_large_image\" \/>\n<meta name=\"twitter:site\" content=\"@ladeliaverde\" \/>\n<meta name=\"twitter:label1\" content=\"Tiempo de lectura\" \/>\n\t<meta name=\"twitter:data1\" content=\"3 minutos\" \/>\n<script type=\"application\/ld+json\" class=\"yoast-schema-graph\">{\"@context\":\"https:\/\/schema.org\",\"@graph\":[{\"@type\":\"WebPage\",\"@id\":\"https:\/\/ladeliaverde.com\/conception-commitment\/\",\"url\":\"https:\/\/ladeliaverde.com\/conception-commitment\/\",\"name\":\"Concepci\u00f3n y compromiso &#8211; La Delia Verde\",\"isPartOf\":{\"@id\":\"https:\/\/ladeliaverde.com\/#website\"},\"datePublished\":\"2021-05-11T14:44:25+00:00\",\"dateModified\":\"2022-08-23T07:10:13+00:00\",\"breadcrumb\":{\"@id\":\"https:\/\/ladeliaverde.com\/conception-commitment\/#breadcrumb\"},\"inLanguage\":\"es\",\"potentialAction\":[{\"@type\":\"ReadAction\",\"target\":[\"https:\/\/ladeliaverde.com\/conception-commitment\/\"]}]},{\"@type\":\"BreadcrumbList\",\"@id\":\"https:\/\/ladeliaverde.com\/conception-commitment\/#breadcrumb\",\"itemListElement\":[{\"@type\":\"ListItem\",\"position\":1,\"name\":\"Home\",\"item\":\"https:\/\/ladeliaverde.com\/es\/\"},{\"@type\":\"ListItem\",\"position\":2,\"name\":\"Concepci\u00f3n y compromiso\"}]},{\"@type\":\"WebSite\",\"@id\":\"https:\/\/ladeliaverde.com\/#website\",\"url\":\"https:\/\/ladeliaverde.com\/\",\"name\":\"La Delia Verde\",\"description\":\"Regenerative Agriculture and the Soil Carbon Solution\",\"publisher\":{\"@id\":\"https:\/\/ladeliaverde.com\/#organization\"},\"potentialAction\":[{\"@type\":\"SearchAction\",\"target\":{\"@type\":\"EntryPoint\",\"urlTemplate\":\"https:\/\/ladeliaverde.com\/?s={search_term_string}\"},\"query-input\":{\"@type\":\"PropertyValueSpecification\",\"valueRequired\":true,\"valueName\":\"search_term_string\"}}],\"inLanguage\":\"es\"},{\"@type\":\"Organization\",\"@id\":\"https:\/\/ladeliaverde.com\/#organization\",\"name\":\"La Delia Verde\",\"url\":\"https:\/\/ladeliaverde.com\/\",\"logo\":{\"@type\":\"ImageObject\",\"inLanguage\":\"es\",\"@id\":\"https:\/\/ladeliaverde.com\/#\/schema\/logo\/image\/\",\"url\":\"https:\/\/ladeliaverde.com\/wp-content\/uploads\/2021\/06\/Illustation-ESP-07-2.svg\",\"contentUrl\":\"https:\/\/ladeliaverde.com\/wp-content\/uploads\/2021\/06\/Illustation-ESP-07-2.svg\",\"width\":1024,\"height\":1024,\"caption\":\"La Delia Verde\"},\"image\":{\"@id\":\"https:\/\/ladeliaverde.com\/#\/schema\/logo\/image\/\"},\"sameAs\":[\"https:\/\/www.facebook.com\/ladeliaverde\",\"https:\/\/x.com\/ladeliaverde\",\"https:\/\/www.instagram.com\/ladeliaverde\/\",\"https:\/\/www.linkedin.com\/company\/campo-la-delia-verde\/\"]}]}<\/script>\n<!-- \/ Yoast SEO plugin. -->","yoast_head_json":{"title":"Concepci\u00f3n y compromiso &#8211; La Delia Verde","robots":{"index":"index","follow":"follow","max-snippet":"max-snippet:-1","max-image-preview":"max-image-preview:large","max-video-preview":"max-video-preview:-1"},"canonical":"https:\/\/ladeliaverde.com\/conception-commitment\/","og_locale":"es_ES","og_type":"article","og_title":"Concepci\u00f3n y compromiso &#8211; La Delia Verde","og_description":"[vc_row][vc_column css=\u00bb.vc_custom_1621935239729{padding-left: 0px !important;}\u00bb][vc_column_text css=\u00bb.vc_custom_1623601952899{margin-bottom: 25px !important;}\u00bb] Concepci\u00f3n y compromiso [\/vc_column_text][vc_column_text] La importancia de la complejidad [\/vc_column_text][\/vc_column][\/vc_row][vc_row content_placement=\u00bbtop\u00bb css=\u00bb.vc_custom_1621350317095{background-position: center !important;background-repeat:&hellip;","og_url":"https:\/\/ladeliaverde.com\/conception-commitment\/","og_site_name":"La Delia Verde","article_publisher":"https:\/\/www.facebook.com\/ladeliaverde","article_modified_time":"2022-08-23T07:10:13+00:00","og_image":[{"width":2560,"height":1920,"url":"https:\/\/ladeliaverde.com\/wp-content\/uploads\/2021\/06\/DSC05464-scaled.jpeg","type":"image\/jpeg"}],"twitter_card":"summary_large_image","twitter_site":"@ladeliaverde","twitter_misc":{"Tiempo de lectura":"3 minutos"},"schema":{"@context":"https:\/\/schema.org","@graph":[{"@type":"WebPage","@id":"https:\/\/ladeliaverde.com\/conception-commitment\/","url":"https:\/\/ladeliaverde.com\/conception-commitment\/","name":"Concepci\u00f3n y compromiso &#8211; La Delia Verde","isPartOf":{"@id":"https:\/\/ladeliaverde.com\/#website"},"datePublished":"2021-05-11T14:44:25+00:00","dateModified":"2022-08-23T07:10:13+00:00","breadcrumb":{"@id":"https:\/\/ladeliaverde.com\/conception-commitment\/#breadcrumb"},"inLanguage":"es","potentialAction":[{"@type":"ReadAction","target":["https:\/\/ladeliaverde.com\/conception-commitment\/"]}]},{"@type":"BreadcrumbList","@id":"https:\/\/ladeliaverde.com\/conception-commitment\/#breadcrumb","itemListElement":[{"@type":"ListItem","position":1,"name":"Home","item":"https:\/\/ladeliaverde.com\/es\/"},{"@type":"ListItem","position":2,"name":"Concepci\u00f3n y compromiso"}]},{"@type":"WebSite","@id":"https:\/\/ladeliaverde.com\/#website","url":"https:\/\/ladeliaverde.com\/","name":"La Delia Verde","description":"Regenerative Agriculture and the Soil Carbon Solution","publisher":{"@id":"https:\/\/ladeliaverde.com\/#organization"},"potentialAction":[{"@type":"SearchAction","target":{"@type":"EntryPoint","urlTemplate":"https:\/\/ladeliaverde.com\/?s={search_term_string}"},"query-input":{"@type":"PropertyValueSpecification","valueRequired":true,"valueName":"search_term_string"}}],"inLanguage":"es"},{"@type":"Organization","@id":"https:\/\/ladeliaverde.com\/#organization","name":"La Delia Verde","url":"https:\/\/ladeliaverde.com\/","logo":{"@type":"ImageObject","inLanguage":"es","@id":"https:\/\/ladeliaverde.com\/#\/schema\/logo\/image\/","url":"https:\/\/ladeliaverde.com\/wp-content\/uploads\/2021\/06\/Illustation-ESP-07-2.svg","contentUrl":"https:\/\/ladeliaverde.com\/wp-content\/uploads\/2021\/06\/Illustation-ESP-07-2.svg","width":1024,"height":1024,"caption":"La Delia Verde"},"image":{"@id":"https:\/\/ladeliaverde.com\/#\/schema\/logo\/image\/"},"sameAs":["https:\/\/www.facebook.com\/ladeliaverde","https:\/\/x.com\/ladeliaverde","https:\/\/www.instagram.com\/ladeliaverde\/","https:\/\/www.linkedin.com\/company\/campo-la-delia-verde\/"]}]}},"_links":{"self":[{"href":"https:\/\/ladeliaverde.com\/es\/wp-json\/wp\/v2\/pages\/1141","targetHints":{"allow":["GET"]}}],"collection":[{"href":"https:\/\/ladeliaverde.com\/es\/wp-json\/wp\/v2\/pages"}],"about":[{"href":"https:\/\/ladeliaverde.com\/es\/wp-json\/wp\/v2\/types\/page"}],"author":[{"embeddable":true,"href":"https:\/\/ladeliaverde.com\/es\/wp-json\/wp\/v2\/users\/1"}],"replies":[{"embeddable":true,"href":"https:\/\/ladeliaverde.com\/es\/wp-json\/wp\/v2\/comments?post=1141"}],"version-history":[{"count":8,"href":"https:\/\/ladeliaverde.com\/es\/wp-json\/wp\/v2\/pages\/1141\/revisions"}],"predecessor-version":[{"id":1904,"href":"https:\/\/ladeliaverde.com\/es\/wp-json\/wp\/v2\/pages\/1141\/revisions\/1904"}],"wp:attachment":[{"href":"https:\/\/ladeliaverde.com\/es\/wp-json\/wp\/v2\/media?parent=1141"}],"curies":[{"name":"wp","href":"https:\/\/api.w.org\/{rel}","templated":true}]}}